{"id":10537,"date":"2022-11-16T08:04:47","date_gmt":"2022-11-16T08:04:47","guid":{"rendered":"https:\/\/www.blowtherm.it\/?page_id=10537"},"modified":"2025-06-13T07:10:05","modified_gmt":"2025-06-13T07:10:05","slug":"blowtherm-service-care","status":"publish","type":"page","link":"https:\/\/www.blowtherm.it\/de\/kundendienst\/blowtherm-service-care\/","title":{"rendered":"Blowtherm Service Care"},"content":{"rendered":"<p><\/p>\n<h2>Planm\u00e4\u00dfige Wartungspakete f\u00fcr Spritzkabinen und Lackieranlagen<\/h2>\n<p>Eine regelm\u00e4\u00dfige, planm\u00e4\u00dfige Wartung sorgt f\u00fcr einen effizienten Betrieb Ihrer Anlage und verhindert St\u00f6rungen, pl\u00f6tzliche Ausf\u00e4lle und Produktionsausf\u00e4lle. Blowtherm-Wartungspakete gew\u00e4hrleisten:<\/p>\n<ul class=\"highlight\">\n<li>Garantierte <b><strong>Effizienz und Kontinuit\u00e4t der Anlagenleistung<\/strong><\/b>, mit sicherer und planbarer Durchf\u00fchrung.<\/li>\n<li><b><strong>Kostenprognose<\/strong><\/b> auf der Grundlage von vordefinierten Pauschalbetr\u00e4gen.<\/li>\n<li><b><strong>Reservierte Rabatte<\/strong><\/b> auf Verbrauchsmaterialien (Filter) und Ersatzteile.<\/li>\n<li><b><strong>Fr\u00fchzeitige Diagnose<\/strong><\/b> von Anomalien und schnelle Interventionszeiten im Falle einer St\u00f6rung.<\/li>\n<li><b><strong>Vorbeugende Ma\u00dfnahmen<\/strong><\/b> zur Vermeidung ungeplanter Arbeitsunterbrechungen.<\/li>\n<li><b><strong>Regelm\u00e4\u00dfige Kontroll- und Wartungsarbeiten<\/strong><\/b>, die die Lebensdauer der Maschinen verl\u00e4ngern.<\/li>\n<li>Direkt von Blowtherm<b><strong>autorisierte<\/strong><\/b> und geschulte<b><strong>Techniker<\/strong><\/b><\/li>\n<\/ul>\n<p><\/p>","protected":false},"excerpt":{"rendered":"<p>Planm\u00e4\u00dfige Wartungspakete f\u00fcr Spritzkabinen und Lackieranlagen Eine regelm\u00e4\u00dfige, planm\u00e4\u00dfige Wartung sorgt f\u00fcr einen effizienten Betrieb Ihrer Anlage und verhindert St\u00f6rungen, pl\u00f6tzliche Ausf\u00e4lle und Produktionsausf\u00e4lle. Blowtherm-Wartungspakete gew\u00e4hrleisten: Garantierte Effizienz und Kontinuit\u00e4t der Anlagenleistung, mit sicherer und planbarer Durchf\u00fchrung. Kostenprognose auf der Grundlage von vordefinierten Pauschalbetr\u00e4gen. Reservierte Rabatte auf Verbrauchsmaterialien (Filter) und Ersatzteile. Fr\u00fchzeitige Diagnose von Anomalien [&hellip;]<\/p>\n","protected":false},"author":1,"featured_media":0,"parent":10435,"menu_order":6,"comment_status":"closed","ping_status":"closed","template":"","meta":{"footnotes":""},"class_list":["post-10537","page","type-page","status-publish","hentry"],"acf":[],"_links":{"self":[{"href":"https:\/\/www.blowtherm.it\/de\/wp-json\/wp\/v2\/pages\/10537","targetHints":{"allow":["GET"]}}],"collection":[{"href":"https:\/\/www.blowtherm.it\/de\/wp-json\/wp\/v2\/pages"}],"about":[{"href":"https:\/\/www.blowtherm.it\/de\/wp-json\/wp\/v2\/types\/page"}],"author":[{"embeddable":true,"href":"https:\/\/www.blowtherm.it\/de\/wp-json\/wp\/v2\/users\/1"}],"replies":[{"embeddable":true,"href":"https:\/\/www.blowtherm.it\/de\/wp-json\/wp\/v2\/comments?post=10537"}],"version-history":[{"count":20,"href":"https:\/\/www.blowtherm.it\/de\/wp-json\/wp\/v2\/pages\/10537\/revisions"}],"predecessor-version":[{"id":12966,"href":"https:\/\/www.blowtherm.it\/de\/wp-json\/wp\/v2\/pages\/10537\/revisions\/12966"}],"up":[{"embeddable":true,"href":"https:\/\/www.blowtherm.it\/de\/wp-json\/wp\/v2\/pages\/10435"}],"wp:attachment":[{"href":"https:\/\/www.blowtherm.it\/de\/wp-json\/wp\/v2\/media?parent=10537"}],"curies":[{"name":"wp","href":"https:\/\/api.w.org\/{rel}","templated":true}]}}