{"id":10707,"date":"2022-12-07T10:18:17","date_gmt":"2022-12-07T10:18:17","guid":{"rendered":"https:\/\/www.blowtherm.it\/?page_id=10707"},"modified":"2025-02-13T17:49:33","modified_gmt":"2025-02-13T17:49:33","slug":"assistenza-remota-blowtherm","status":"publish","type":"page","link":"https:\/\/www.blowtherm.it\/de\/kundendienst\/kundendienst-2\/","title":{"rendered":"Blowtherm connect"},"content":{"rendered":"<p><\/p>\n<h2>Blowtherm Fernwartung. Immer, wenn es n\u00f6tig ist.<\/h2>\n<p>Blowtherm bietet einen hocheffizienten Fernwartungsservice dank fortschrittlicher Ferndiagnosetools und eines spezialisierten technischen Teams. Dies erm\u00f6glicht es, Ausfallzeiten zu reduzieren und die Kosten f\u00fcr Eingriffe zu optimieren, w\u00e4hrend eine schnelle und pr\u00e4zise Unterst\u00fctzung gew\u00e4hrleistet wird.<\/p>\n<p>&nbsp;<\/p>\n<h3>Was ist Blowtherm Fernwartung?<\/h3>\n<p>Ein technischer Fernsupport-Service, bei dem ein qualifizierter und spezialisierter Techniker aus der Ferne eingreift, um Betriebsst\u00f6rungen der Anlage zu beheben:<\/p>\n<ul>\n<li><b>Direkte Interaktion<\/b>: Der Techniker greift auf die <a href=\"https:\/\/www.blowtherm.it\/prodotto\/pannello-di-controllo-plc\/\">SPS Blowtherm<\/a> der Maschine zu, um das Problem zu diagnostizieren und zu beheben.<\/li>\n<li><b>Indirekte Interaktion<\/b>: Der Techniker f\u00fchrt den Benutzer per Telefon oder Videoanruf.<\/li>\n<\/ul>\n<p><\/p>","protected":false},"excerpt":{"rendered":"<p class=\"qtranxs-available-languages-message qtranxs-available-languages-message-de\">Leider ist der Eintrag nur auf <a href=\"https:\/\/www.blowtherm.it\/it\/wp-json\/wp\/v2\/pages\/10707\" class=\"qtranxs-available-language-link qtranxs-available-language-link-it\" title=\"Italiano\">Italiano<\/a> und <a href=\"https:\/\/www.blowtherm.it\/en\/wp-json\/wp\/v2\/pages\/10707\" class=\"qtranxs-available-language-link qtranxs-available-language-link-en\" title=\"English\">English<\/a> verf\u00fcgbar.<\/p>\n<p>Assistenza remota Blowtherm. Sempre, quando serve.<\/p>\n","protected":false},"author":1,"featured_media":12950,"parent":10435,"menu_order":7,"comment_status":"closed","ping_status":"closed","template":"","meta":{"footnotes":""},"class_list":["post-10707","page","type-page","status-publish","has-post-thumbnail","hentry"],"acf":[],"_links":{"self":[{"href":"https:\/\/www.blowtherm.it\/de\/wp-json\/wp\/v2\/pages\/10707","targetHints":{"allow":["GET"]}}],"collection":[{"href":"https:\/\/www.blowtherm.it\/de\/wp-json\/wp\/v2\/pages"}],"about":[{"href":"https:\/\/www.blowtherm.it\/de\/wp-json\/wp\/v2\/types\/page"}],"author":[{"embeddable":true,"href":"https:\/\/www.blowtherm.it\/de\/wp-json\/wp\/v2\/users\/1"}],"replies":[{"embeddable":true,"href":"https:\/\/www.blowtherm.it\/de\/wp-json\/wp\/v2\/comments?post=10707"}],"version-history":[{"count":54,"href":"https:\/\/www.blowtherm.it\/de\/wp-json\/wp\/v2\/pages\/10707\/revisions"}],"predecessor-version":[{"id":12971,"href":"https:\/\/www.blowtherm.it\/de\/wp-json\/wp\/v2\/pages\/10707\/revisions\/12971"}],"up":[{"embeddable":true,"href":"https:\/\/www.blowtherm.it\/de\/wp-json\/wp\/v2\/pages\/10435"}],"wp:featuredmedia":[{"embeddable":true,"href":"https:\/\/www.blowtherm.it\/de\/wp-json\/wp\/v2\/media\/12950"}],"wp:attachment":[{"href":"https:\/\/www.blowtherm.it\/de\/wp-json\/wp\/v2\/media?parent=10707"}],"curies":[{"name":"wp","href":"https:\/\/api.w.org\/{rel}","templated":true}]}}