{"id":12031,"date":"2023-09-25T10:36:02","date_gmt":"2023-09-25T10:36:02","guid":{"rendered":"https:\/\/www.blowtherm.it\/?page_id=12031"},"modified":"2024-06-19T14:03:22","modified_gmt":"2024-06-19T14:03:22","slug":"social-media-policy","status":"publish","type":"page","link":"https:\/\/www.blowtherm.it\/de\/richtlinie-fur-soziale-medien\/","title":{"rendered":"Richtlinie f\u00fcr soziale Medien"},"content":{"rendered":"<p>Blowtherm S.p.A., Datenschutzbeauftragter (im Folgenden &#8222;Blowtherm&#8220; oder &#8222;Unternehmen&#8220;), nutzt bestimmte soziale Medien und Instant-Messaging-Dienste f\u00fcr institutionelle Kommunikationszwecke, insbesondere zur F\u00f6rderung der Bekanntheit der angebotenen Dienstleistungen.<\/p>\n<p>Nachstehend sind die offiziellen institutionellen Profile von Blowtherm S.p.A. in sozialen Medien und Instant-Messaging-Diensten aufgef\u00fchrt:<\/p>\n<ul>\n<li><strong>Linkedin<\/strong>: <a href=\"https:\/\/www.linkedin.com\/company\/blowtherm-spa\/\">https:\/\/www.linkedin.com\/company\/blowtherm-spa\/<\/a><\/li>\n<li><strong>Youtube<\/strong>: <a href=\"https:\/\/www.youtube.com\/channel\/UCk_fstFBI1e3rq4s4dLNZZg\">https:\/\/www.youtube.com\/channel\/UCk_fstFBI1e3rq4s4dLNZZg<\/a><\/li>\n<li><strong>Facebook<\/strong>: <a href=\"https:\/\/www.facebook.com\/blowthermpd\/\">https:\/\/www.facebook.com\/blowthermpd\/<\/a><\/li>\n<\/ul>\n<p>Alle anderen Social Media- und Messaging-Profile, die sich als auf Blowtherm verweisend darstellen, werden NICHT von uns verwaltet oder sind uns zuzurechnen.<\/p>\n<p>\u00dcber seine institutionellen Profile in sozialen Medien und Instant-Messaging-Diensten kann Blowtherm Inhalte und Nachrichten von \u00f6ffentlichem Interesse und Nutzen teilen und weiterleiten, einschlie\u00dflich solcher, die von Dritten gepostet werden (z. B. institutionelle Einrichtungen, Presseagenturen und Nachrichtenagenturen usw.).<\/p>\n<p>Alle Kommentare, die von Nutzern unter Erw\u00e4hnung von Blowtherm auf Blowtherm-Posts gepostet werden, stellen die Meinung der Einzelpersonen und nicht die von Blowtherm dar. F\u00fcr fremde, widerrechtliche Handlungen und Aussagen \u00fcbernehmen wir keinerlei Haftung.<\/p>\n<h3>Verwaltung<\/h3>\n<p>Die institutionellen Profile von Blowtherm in sozialen Medien und Instant-Messaging-Diensten werden von ordnungsgem\u00e4\u00df benannten internen Mitarbeitern (im Folgenden &#8222;Mitarbeiter&#8220;) verwaltet.<\/p>\n<p>Es findet keine vorherige Moderation statt. Aus diesem Grund bittet Blowtherm die Nutzer, die mit seinen sozialen Kan\u00e4len interagieren, einige einfache, aber wichtige Regeln zu beachten:<\/p>\n<ol>\n<li>Die eigene Meinung h\u00f6flich, korrekt, respektvoll und in angemessener Sprache zu \u00e4u\u00dfern. Beleidigungen, Vulgarit\u00e4t, Beschimpfungen, Drohungen und generell gewaltt\u00e4tige oder verleumderische Haltungen und Verhaltensweisen werden nicht geduldet. Es wird davon ausgegangen, dass jeder f\u00fcr die Inhalte, die er ver\u00f6ffentlicht, und die Meinungen, die er \u00e4u\u00dfert, verantwortlich ist und haftbar gemacht werden kann.<\/li>\n<li>Die Inhalte und Kommentare m\u00fcssen sich auf die T\u00e4tigkeit des Unternehmens und auf Fragen des Schutzes personenbezogener Daten beziehen (on topic).<\/li>\n<li>Diejenigen, die Daten, Nachrichten oder Meinungen zu bestimmten Tatsachen oder Themen pr\u00e4sentieren, werden aufgefordert, fundierte und unvoreingenommene Argumente vorzubringen und sich auf zuverl\u00e4ssige und \u00fcberpr\u00fcfbare Quellen zu beziehen.<\/li>\n<li>Die ver\u00f6ffentlichten Inhalte m\u00fcssen stets die Privatsph\u00e4re des Einzelnen respektieren. In jedem Fall sind Hinweise auf Tatsachen oder Details zu vermeiden, die nicht von \u00f6ffentlicher Relevanz sind und die die pers\u00f6nliche Sph\u00e4re Dritter verletzen.<\/li>\n<li>Es ist keine Form von Werbung, Spamming oder F\u00f6rderung privater Interessen oder rechtm\u00e4\u00dfiger oder unrechtm\u00e4\u00dfiger Aktivit\u00e4ten erlaubt.<\/li>\n<li>Inhalte, die das Urheberrecht verletzen, oder die unerlaubte Nutzung von eingetragenen Marken sind nicht gestattet.<\/li>\n<\/ol>\n<p>&nbsp;<\/p>\n<h3>Inhalt<\/h3>\n<p>Soweit m\u00f6glich, werden alle Beitr\u00e4ge, Kommentare oder Audio-\/Videomaterialien von den Mitarbeitern entfernt, die<\/p>\n<ul>\n<li>die eine unangemessene Sprache und\/oder einen bedrohlichen, gewaltt\u00e4tigen, vulg\u00e4ren oder beleidigenden Ton verwenden<\/li>\n<li>rechtswidrige Inhalte haben oder zu rechtswidrigen Handlungen auffordern; oder<\/li>\n<li>den Zweck haben, Produkte und Dienstleistungen zu bewerben<\/li>\n<li>direkt oder indirekt personenbezogene Daten und Informationen (Namen, E-Mail-Adressen, Telefonnummern, Steuernummern, Bankkontonummern, Adressen, Protokollnummern von Dokumenten oder Dateien, Videos oder Fotos von erkennbaren Personen usw.) offenlegen oder in irgendeiner Weise die Vertraulichkeit oder den Ruf der betroffenen Personen sch\u00e4digen k\u00f6nnen<\/li>\n<li>direkt oder indirekt Informationen enthalten, die sich auf Minderj\u00e4hrige beziehen;<\/li>\n<li>diskriminierende Inhalte aufgrund des Geschlechts, der Rasse, der ethnischen Zugeh\u00f6rigkeit, der Sprache, der religi\u00f6sen \u00dcberzeugung, der politischen Meinung, der sexuellen Ausrichtung, des Alters, der pers\u00f6nlichen und sozialen Verh\u00e4ltnisse oder der Gesundheit enthalten;<\/li>\n<li>Spamming-Zwecke haben;<\/li>\n<li>rechtm\u00e4\u00dfige oder ungesetzliche Aktivit\u00e4ten f\u00f6rdern oder unterst\u00fctzen, das Urheberrecht verletzen oder eine eingetragene Marke missbrauchen;\u00a0generell mit den institutionellen Kommunikationszwecken des Unternehmens und den Kommunikationsinhalten seiner sozialen Profile unvereinbar sind (Off-Topic).<\/li>\n<\/ul>\n<p>F\u00fcr diejenigen, die gegen diese Bedingungen versto\u00dfen, beh\u00e4lt sich Blowtherm das Recht vor, das Verbot oder die Sperrung zu nutzen (wenn m\u00f6glich, nach einer ersten Warnung) und in den schwerwiegendsten F\u00e4llen (z. B. F\u00f6rderung oder Unterst\u00fctzung illegaler Aktivit\u00e4ten oder Begehung jeglicher Form von Straftaten oder Sch\u00e4digung Dritter), den Nutzer bei den Plattformmanagern und m\u00f6glicherweise bei den entsprechenden Unternehmen anzuzeigen.<\/p>\n<p>Die sozialen Kan\u00e4le von Blowtherm d\u00fcrfen nicht genutzt werden, um (\u00fcber direkte Nachrichten, Kommentare, Erw\u00e4hnungen usw.) pers\u00f6nliche Informationen oder direkte Hilfe anzufordern (z. B. zu Akten, pers\u00f6nlichen Angelegenheiten, Berichten usw.). F\u00fcr derartige Anfragen sind ausschlie\u00dflich die offiziellen Kontaktkan\u00e4le zu nutzen (auf der Website des Unternehmens angegeben: https:\/\/www.blowtherm.it).<\/p>\n<p>Generell ist eine direkte Beantwortung von Hinweisen, Mitteilungen oder Kommentaren nicht garantiert, und es ist zu beachten, dass es keine Mindest- oder H\u00f6chstantwortzeit gibt. Das Personal beh\u00e4lt sich das Recht vor, auf Kommentare und Nachrichten zu antworten oder in Diskussionen einzugreifen, wenn es dies f\u00fcr sinnvoll h\u00e4lt, auch im Hinblick auf die Bereitstellung korrekter Informationen f\u00fcr die \u00d6ffentlichkeit, und nachdem es die Korrektheit und Angemessenheit des vom Nutzer gew\u00e4hlten Kommunikationsstils bewertet hat.<\/p>\n<p>Personen, die einem Social-Media-Kanal von Blowtherm folgen, werden nicht automatisch verfolgt.<\/p>\n<p>Wenn Blowtherm den Konten anderer Nutzer folgt, sich mit ihnen anfreundet oder sie in seine Interessenlisten aufnimmt oder die Inhalte anderer Nutzer kommentiert und\/oder ihnen Likes gibt, bedeutet dies nicht, dass das Unternehmen die Denkweise der betreffenden Nutzer teilt oder alle von ihnen geposteten Inhalte bef\u00fcrwortet.<\/p>\n<h3><strong>Schutz der personenbezogenen Daten<\/strong><\/h3>\n<p>Die personenbezogenen Daten der Nutzer werden in \u00dcbereinstimmung mit den auf den verwendeten Plattformen geltenden Richtlinien verarbeitet. Personenbezogene oder sensible Daten, die in \u00f6ffentlichen Kommentaren oder Beitr\u00e4gen auf den Social-Media-Kan\u00e4len von Blowtherm enthalten sind, k\u00f6nnen entfernt werden.<\/p>\n<p>Daten, die von Nutzern \u00fcber private Nachrichten geteilt werden, die direkt an die Kanalmanager gesendet werden, werden in \u00dcbereinstimmung mit den geltenden Datenschutzbestimmungen und der <u>Datenschutzrichtlinie<\/u> behandelt.<\/p>","protected":false},"excerpt":{"rendered":"<p>Blowtherm S.p.A., Datenschutzbeauftragter (im Folgenden &#8222;Blowtherm&#8220; oder &#8222;Unternehmen&#8220;), nutzt bestimmte soziale Medien und Instant-Messaging-Dienste f\u00fcr institutionelle Kommunikationszwecke, insbesondere zur F\u00f6rderung der Bekanntheit der angebotenen Dienstleistungen. Nachstehend sind die offiziellen institutionellen Profile von Blowtherm S.p.A. in sozialen Medien und Instant-Messaging-Diensten aufgef\u00fchrt: Linkedin: https:\/\/www.linkedin.com\/company\/blowtherm-spa\/ Youtube: https:\/\/www.youtube.com\/channel\/UCk_fstFBI1e3rq4s4dLNZZg Facebook: https:\/\/www.facebook.com\/blowthermpd\/ Alle anderen Social Media- und Messaging-Profile, die sich als [&hellip;]<\/p>\n","protected":false},"author":1,"featured_media":0,"parent":0,"menu_order":15,"comment_status":"closed","ping_status":"closed","template":"","meta":{"footnotes":""},"class_list":["post-12031","page","type-page","status-publish","hentry"],"acf":[],"_links":{"self":[{"href":"https:\/\/www.blowtherm.it\/de\/wp-json\/wp\/v2\/pages\/12031","targetHints":{"allow":["GET"]}}],"collection":[{"href":"https:\/\/www.blowtherm.it\/de\/wp-json\/wp\/v2\/pages"}],"about":[{"href":"https:\/\/www.blowtherm.it\/de\/wp-json\/wp\/v2\/types\/page"}],"author":[{"embeddable":true,"href":"https:\/\/www.blowtherm.it\/de\/wp-json\/wp\/v2\/users\/1"}],"replies":[{"embeddable":true,"href":"https:\/\/www.blowtherm.it\/de\/wp-json\/wp\/v2\/comments?post=12031"}],"version-history":[{"count":4,"href":"https:\/\/www.blowtherm.it\/de\/wp-json\/wp\/v2\/pages\/12031\/revisions"}],"predecessor-version":[{"id":12116,"href":"https:\/\/www.blowtherm.it\/de\/wp-json\/wp\/v2\/pages\/12031\/revisions\/12116"}],"wp:attachment":[{"href":"https:\/\/www.blowtherm.it\/de\/wp-json\/wp\/v2\/media?parent=12031"}],"curies":[{"name":"wp","href":"https:\/\/api.w.org\/{rel}","templated":true}]}}