{"id":12848,"date":"2025-01-17T12:28:06","date_gmt":"2025-01-17T12:28:06","guid":{"rendered":"https:\/\/www.blowtherm.it\/?page_id=12848"},"modified":"2025-01-17T13:59:07","modified_gmt":"2025-01-17T13:59:07","slug":"informativa-sito-web","status":"publish","type":"page","link":"https:\/\/www.blowtherm.it\/de\/informativa-sito-web\/","title":{"rendered":"Informativa sito web"},"content":{"rendered":"<p class=\"qtranxs-available-languages-message qtranxs-available-languages-message-de\">Leider ist der Eintrag nur auf <a href=\"https:\/\/www.blowtherm.it\/it\/wp-json\/wp\/v2\/pages\/12848\" class=\"qtranxs-available-language-link qtranxs-available-language-link-it\" title=\"Italiano\">Italiano<\/a> verf\u00fcgbar.<\/p><p><\/p>\n<h2>Informativa sul trattamento dei dati personali<\/h2>\n<h5>(artt. 13 e 14 Reg. UE 201c\/c7S e del D.lgs 1Sc\/2003 e smi)<\/h5>\n<p>Gentile Utente,<\/p>\n<p>di seguito le forniamo alcune informazioni che \u00e8 necessario portare alla sua conoscenza, non solo per ottemperare agli obblighi di legge, ma anche perch\u00e9 la trasparenza e la correttezza nei confronti degli interessati \u00e8 parte fondante della nostra attivit\u00e0.<\/p>\n<p>Questa informativa descrive le modalit\u00e0 di trattamento dei dati personali degli utenti che consultano il presente sito web, accessibile per via telematica al seguente indirizzo <a class=\"a\" href=\"http:\/\/www.blowtherm.it\/\" target=\"_blank\" rel=\"noopener\">www.blowtherm.it<\/a><a class=\"s2\" href=\"http:\/\/www.blowtherm.it\/\" target=\"_blank\" rel=\"noopener\">.<\/a><\/p>\n<p>Le presenti informazioni non riguardano altri siti, pagine o servizi online raggiungibili tramite link ipertestuali eventualmente pubblicati nel sito ma riferiti a risorse esterne al presente dominio.<\/p>\n<table cellspacing=\"0\">\n<tbody>\n<tr>\n<td>\n<p class=\"s3\"><strong>Titolare del trattamento<\/strong><\/p>\n<\/td>\n<td>\n<p class=\"s4\">Il Titolare del Trattamento (il soggetto che decide finalit\u00e0 e modalit\u00e0 del trattamento dei suoi dati personali) \u00e8 <b>Blowtherm S.p.A.<\/b><\/p>\n<p class=\"s3\">P.IVA<span class=\"s4\">: 01075700284<\/span><\/p>\n<p class=\"s3\">Sede<span class=\"s4\">: Via Borgo Padova 89, Camposampiero 35012, Padova<\/span><\/p>\n<p class=\"s3\">Telefono<span class=\"s4\">: 049601600<\/span><\/p>\n<p class=\"s3\">E-mail<a class=\"s5\" href=\"mailto:privacy@blowtherm.it\" target=\"_blank\" rel=\"noopener\">: privacy@blowtherm.it<\/a><\/p>\n<p class=\"s4\">Per i trattamenti che includono la pubblicazione di contenuti nei social network il Titolare ha concluso degli accordi standard di contitolarit\u00e0 con i titolari delle piattaforme social.<\/p>\n<\/td>\n<\/tr>\n<tr>\n<td>\n<p class=\"s3\"><strong>Categorie di dati<\/strong><\/p>\n<\/td>\n<td>\n<ul id=\"l1\">\n<li data-list-text=\"-\">\n<p class=\"s4\">Dati relativi alla fornitura di un servizio di comunicazione elettronica: dati di traffico, dati relativi alla navigazione Internet, indirizzi IP o nomi a dominio dei computer utilizzati dagli utenti che si connettono al sito; orario della richiesta; metodo utilizzato nel sottoporre la richiesta al server; codice numerico indicante lo stato della risposta data dal server (buon fine, errore, ecc.); altri parametri relativi al sistema operativo e al browser utilizzati dall&#8217;utente<\/p>\n<\/li>\n<li data-list-text=\"-\">\n<p class=\"s4\">Dati anagrafici e di contatto;<\/p>\n<\/li>\n<li data-list-text=\"-\">\n<p class=\"s4\">Dati di accesso e di autenticazione;<\/p>\n<\/li>\n<li data-list-text=\"-\">\n<p class=\"s4\">Ogni altro dato che viene eventualmente fornito volontariamente dall\u2019utente al Titolare<\/p>\n<\/li>\n<\/ul>\n<\/td>\n<\/tr>\n<tr>\n<td>\n<p class=\"s3\"><strong>Fonte dei dati<\/strong><\/p>\n<\/td>\n<td>\n<p class=\"s4\">I dati personali sono raccolti presso l\u2019interessato durante la navigazione (vedi anche tabella dei cookie) o tramite le comunicazioni dallo stesso inviate e\/o da fonti accessibili al pubblico, es. social network.<\/p>\n<\/td>\n<\/tr>\n<tr>\n<td>\n<p class=\"s3\"><strong>Conferimento<\/strong><\/p>\n<\/td>\n<td>\n<p class=\"s4\">Laddove segnalato, il conferimento dei suoi dati \u00e8 requisito necessario per perseguire le finalit\u00e0 di seguito indicate. Pertanto, in caso di mancato conferimento, non potremo eseguire il trattamento collegato.<\/p>\n<\/td>\n<\/tr>\n<\/tbody>\n<\/table>\n<h3>Trattamenti<\/h3>\n<p>I suoi dati personali sono raccolti e trattati<span class=\"s6\">, <\/span>con modalit\u00e0 automatizzate, semiautomatizzate e non automatizzate, come di seguito specificato:<\/p>\n<table cellspacing=\"0\">\n<tbody>\n<tr>\n<td><strong>Finalit\u00e0<\/strong><\/td>\n<td><strong>Base giuridica<\/strong><\/td>\n<td><strong>Conservazione*<\/strong><\/td>\n<\/tr>\n<tr>\n<td>\n<p class=\"s4\">Consentire la piena fruizione delle funzionalit\u00e0 del sito web<\/p>\n<\/td>\n<td>\n<p class=\"s4\">Misure precontrattuali o contrattuali (eseguire il servizio o la prestazione richiesta)<\/p>\n<\/td>\n<td>\n<p class=\"s4\">La durata \u00e8 correlata al singolo cookie ed \u00e8 consultabile nella relativa informativa<\/p>\n<\/td>\n<\/tr>\n<tr>\n<td>\n<p class=\"s4\">Consentire l&#8217;analisi del sito web e del relativo traffico nonch\u00e9 l&#8217;ottimizzazione ai fini di garantirne l&#8217;usabilit\u00e0<\/p>\n<\/td>\n<td>\n<p class=\"s4\">Consenso** tramite banner cookie<\/p>\n<\/td>\n<td>\n<p class=\"s4\">La durata \u00e8 correlata al singolo cookie ed \u00e8 consultabile nella relativa informativa<\/p>\n<\/td>\n<\/tr>\n<tr>\n<td>\n<p class=\"s4\">Mostrare contenuti di terze parti relativi ai social media (es. YouTube e FaceBook)<\/p>\n<\/td>\n<td>\n<p class=\"s4\">Consenso** tramite banner cookie<\/p>\n<\/td>\n<td>\n<p class=\"s4\">La durata \u00e8 correlata al singolo cookie ed \u00e8 consultabile nella relativa informativa<\/p>\n<\/td>\n<\/tr>\n<tr>\n<td>\n<p class=\"s4\">Mostrare pubblicit\u00e0 di terze parti in base agli interessi dell\u2019utente<\/p>\n<\/td>\n<td>\n<p class=\"s4\">Consenso** tramite banner cookie<\/p>\n<\/td>\n<td>\n<p class=\"s4\">La durata \u00e8 correlata al singolo cookie ed \u00e8 consultabile nella relativa informativa<\/p>\n<\/td>\n<\/tr>\n<tr>\n<td>\n<p class=\"s4\">Dare seguito alle richieste dell\u2019interessato e gestire gli adempimenti precontrattuali o contrattuali<\/p>\n<\/td>\n<td>\n<p class=\"s4\">Misure precontrattuali o contrattuali (eseguire il servizio o la prestazione richiesta)<\/p>\n<\/td>\n<td>\n<p class=\"s4\">10 anni dall\u2019anno della richiesta<\/p>\n<\/td>\n<\/tr>\n<tr>\n<td>\n<p class=\"s4\">Invio di materiale informativo e\/o pubblicitario (es. newsletter)<\/p>\n<\/td>\n<td>\n<p class=\"s4\">Consenso dell&#8217;interessato**<\/p>\n<\/td>\n<td>\n<p class=\"s4\">Fino alla revoca del consenso. Poi il trattamento si limiter\u00e0 alla mera conservazione per 10 anni dall\u2019anno in cui il consenso \u00e8 stato revocato<\/p>\n<\/td>\n<\/tr>\n<tr>\n<td>\n<p class=\"s4\">Gestire gli adempimenti in materia di protezione dei dati personali<\/p>\n<\/td>\n<td>\n<p class=\"s4\">Adempimento di un obbligo di legge<\/p>\n<\/td>\n<td>\n<p class=\"s4\">In conformit\u00e0 ai tempi di conservazione previsti per il trattamento principale di riferimento; 10 anni dall&#8217;anno di gestione di una richiesta di esercizio diritti.<\/p>\n<\/td>\n<\/tr>\n<tr>\n<td>\n<p class=\"s4\">Prevenire e\/o rilevare eventuali abusi e difendere i diritti e gli interessi del Titolare<\/p>\n<\/td>\n<td>\n<p class=\"s4\">Legittimo interesse a tutelare i propri diritti ed interessi in giudizio o nelle fasi propedeutiche alla sua eventuale instaurazione<\/p>\n<\/td>\n<td>\n<p class=\"s4\">Fino allo spirare dei termini prescrizionali, salvo contenzioso. In tal caso, i dati saranno conservati fino alla cessazione definitiva della materia del contendere<\/p>\n<\/td>\n<\/tr>\n<tr>\n<td>\n<p class=\"s4\">Gestione e manutenzione della rete e dei sistemi informatici<\/p>\n<\/td>\n<td>\n<p class=\"s4\">Perseguimento legittimo interesse del Titolare<\/p>\n<\/td>\n<td>\n<p class=\"s4\">In conformit\u00e0 alle implementazioni di sicurezza e a quanto previsto per il trattamento principale di riferimento; 18 mesi per quanto concerne gli adempimenti in materia di amministratori di sistema<\/p>\n<\/td>\n<\/tr>\n<\/tbody>\n<\/table>\n<p class=\"s7\">* <span class=\"s8\">Oltre al tempo necessario per il maturarsi dei termini prescrizionali in relazione ai reciproci diritti e al tempo di conservazione dei backup<\/span><\/p>\n<p class=\"s7\">** <span class=\"s8\">qualora Lei non fornisca il consenso, i dati personali non saranno oggetto di trattamento per le specifiche finalit\u00e0. Il consenso pu\u00f2 essere revocato in ogni momento, contattando il titolare ai dati di contatto sopraindicati.<\/span><\/p>\n<table cellspacing=\"0\">\n<tbody>\n<tr>\n<td>\n<p class=\"s3\">Processi automatizzati e profilazione<\/p>\n<\/td>\n<td>\n<p class=\"s4\">La informiamo che per il perseguimento di alcune delle finalit\u00e0 sopraindicate facciamo uso di processi automatizzati (processi decisionali svolti tramite l\u2019utilizzo di strumenti tecnologici, senza intervento umano), tra questi \u00e8 inclusa la profilazione, quindi la raccolta di informazioni sul suo conto al fine di analizzare le sue caratteristiche e inserirla in categorie, gruppi o poter fare delle valutazioni, come l\u2019invio di materiale pubblicitario personalizzato sulla base delle sue precedenti scelte di consumo, o delle previsioni.<\/p>\n<\/td>\n<\/tr>\n<tr>\n<td>Comunicazione dei dati<\/td>\n<td>\n<p class=\"s4\">I Suoi dati potranno essere comunicati esclusivamente per esigenze tecniche ed operative strettamente collegate alle suindicate finalit\u00e0, a soggetti che trattino i dati sotto l\u2019autorit\u00e0 del titolare, nominati quali autorizzati al trattamento ex art. 29 Reg. UE 2016\/679, a soggetti che trattino i dati per conto del titolare, nominati quali responsabili del trattamento ex art. 28 del Reg. UE del 2016\/679, nonch\u00e9 ad enti pubblici rispetto ai quali vige un obbligo di legge alla comunicazione.<\/p>\n<\/td>\n<\/tr>\n<tr>\n<td>\n<p class=\"s3\">Trasferimento dati extra UE<\/p>\n<\/td>\n<td>\n<p class=\"s4\">Sebbene ci impegniamo a scegliere servizi che riducano al minimo i trattamenti di dati personali dei nostri utenti, il trattamento di dati personali per le finalit\u00e0 di cui sopra che preveda l\u2019impiego di cookie ed altri strumenti di tracciamento potrebbe comportare il trasferimento di alcuni dati, solo indirettamente identificativi, in paesi che si trovino al di fuori del territorio dell\u2019UE o della Spazio Economico Europeo (SEE), in particolare verso gli Stati Uniti.<\/p>\n<p class=\"s4\">Per le finalit\u00e0 appena descritte nonch\u00e9 le altre sopra citate, i dati personali potranno essere oggetto di trasferimento solo in presenza di una delle fattispecie di cui agli art. 44 e ss. del Reg. UE 2016\/679.<\/p>\n<\/td>\n<\/tr>\n<tr>\n<td>\n<p class=\"s3\">Diritti dell\u2019interessato<\/p>\n<\/td>\n<td>\n<p class=\"s4\">L&#8217;interessato ha diritto, secondo quanto previsto dagli artt. 15 e seguenti del Reg. UE 2016\/679 di richiedere al Titolare l&#8217;accesso ai propri dati personali, nonch\u00e9 la loro rettifica e cancellazione o oblio. L\u2019interessato ha inoltre diritto di chiedere la portabilit\u00e0 dei dati, la limitazione del trattamento o di opporsi allo stesso. Ancora, l\u2019interessato ha il diritto di prendere visione dei contenuti essenziali degli accordi di contitolarit\u00e0.<\/p>\n<p class=\"s4\">Per i trattamenti basati sul consenso, l\u2019interessato ha diritto in ogni momento di revocare il proprio consenso, senza pregiudicare la liceit\u00e0 del trattamento basata sul consenso prestato prima della revoca. Per esercitare i propri diritti o per chiedere informazioni aggiuntive, l\u2019interessato pu\u00f2 rivolgersi al Titolare tramite le informazioni di contatto soprariportate.<\/p>\n<\/td>\n<\/tr>\n<tr>\n<td>Reclamo Garante<\/td>\n<td>L\u2019interessato pu\u00f2 inoltre proporre reclamo dinanzi all\u2019Autorit\u00e0 Garante per la protezione dei dati personali, con sede in Piazza Venezia 11, 00187 \u2013 Roma \u2013 protocollo@pec.gdpd.it<\/td>\n<\/tr>\n<tr>\n<td>\n<p class=\"s3\">Utilizzo sito da parte di minori<\/p>\n<\/td>\n<td>\n<p class=\"s4\">Il sito e i servizi collegati non sono diretti a minori; pertanto, non verranno raccolte informazioni personali dagli stessi. Qualora si apprenda dell\u2019inconsapevole raccolta di informazioni da o su minori, il Titolare del Sito prender\u00e0 misure ragionevoli per eliminarle non appena possibile, a meno che non sussista un obbligo legale di conservarle. Il Sito esaminer\u00e0 ogni segnalazione sulla raccolta inconsapevole di informazioni da o su un minore; l\u2019utente si impegna a non inserire dati riguardanti minori e a segnalarne la raccolta accidentale derivante dall\u2019utilizzo dei nostri servizi<span class=\"s9\">.<\/span><\/p>\n<\/td>\n<\/tr>\n<tr>\n<td>\n<p class=\"s3\">Aggiornamento informativa<\/p>\n<\/td>\n<td>\n<p class=\"s4\">Il Titolare si riserva il diritto di apportare modifiche alla presente privacy policy in qualsiasi momento, dandone notizia agli Utenti su questa pagina. I visitatori sono quindi invitati a consultare spesso questa pagina, tenendo come riferimento la data dell\u2019ultima modifica indicata in fondo.<\/p>\n<\/td>\n<\/tr>\n<\/tbody>\n<\/table>\n<h3>Servizi di terze parti<\/h3>\n<table cellspacing=\"0\">\n<tbody>\n<tr>\n<td>\n<p class=\"s3\"><strong>SERVIZIO<\/strong><\/p>\n<\/td>\n<td>\n<p class=\"s3\"><strong>DESCRIZIONE<\/strong><\/p>\n<\/td>\n<\/tr>\n<tr>\n<td>\n<p class=\"s4\">Google Analytics<\/p>\n<\/td>\n<td>\n<p class=\"s4\">Il servizio Google Analytics raccoglie e analizza dati di traffico e comportamento degli utenti sul sito web per generare report e ottimizzare l&#8217;esperienza utente.<\/p>\n<\/td>\n<\/tr>\n<tr>\n<td>\n<p class=\"s4\">Google Tag Manager<\/p>\n<\/td>\n<td>\n<p class=\"s4\">Il servizio Google Tag Manager gestisce e aggiorna i tag di tracciamento del sito web senza modifiche dirette al codice, facilitando l&#8217;implementazione di strumenti di analisi e monitoraggio.<\/p>\n<\/td>\n<\/tr>\n<tr>\n<td>\n<p class=\"s4\">GStatic Google Static Content<\/p>\n<\/td>\n<td>\n<p class=\"s4\">Il servizio GStatic Google Static Content viene utilizzato per caricare contenuti statici come immagini, script e stili CSS da server di Google, migliorando la velocit\u00e0 di caricamento dei siti web. Durante l&#8217;utilizzo, Google potrebbe raccogliere dati tecnici, come l&#8217;indirizzo IP, per ottimizzare i suoi servizi e la performance della rete.<\/p>\n<\/td>\n<\/tr>\n<tr>\n<td>\n<p class=\"s4\">Facebook Pixel<\/p>\n<\/td>\n<td>\n<p class=\"s4\">Il servizio Facebook Pixel monitora le attivit\u00e0 degli utenti sul sito per ottimizzare le campagne pubblicitarie su Facebook, fornendo annunci mirati in base alle interazioni dell&#8217;utente.<\/p>\n<\/td>\n<\/tr>\n<tr>\n<td>\n<p class=\"s4\">YouTube<\/p>\n<\/td>\n<td>\n<p class=\"s4\">Il servizio YouTube incorpora video nel sito web, consentendo agli utenti di visualizzare contenuti multimediali direttamente sul sito.<\/p>\n<\/td>\n<\/tr>\n<tr>\n<td>\n<p class=\"s4\">Recaptcha di Google<\/p>\n<\/td>\n<td>\n<p class=\"s4\">Il servizio reCAPTCHA di Google protegge il sito web da spam e abusi automatizzati, verificando che gli utenti siano persone reali.<\/p>\n<\/td>\n<\/tr>\n<tr>\n<td>\n<p class=\"s4\">Facebook Conversions Tracking<\/p>\n<\/td>\n<td>\n<p class=\"s4\">Il servizio Facebook Conversions Tracking permette di monitorare le conversioni degli utenti provenienti da Facebook, ottimizzando le campagne pubblicitarie e analizzando le interazioni.<\/p>\n<\/td>\n<\/tr>\n<tr>\n<td>\n<p class=\"s4\">Facebook SDK<\/p>\n<\/td>\n<td>\n<p class=\"s4\">Il servizio Facebook SDK integra funzioni di Facebook nel sito web, come l&#8217;accesso tramite Facebook e la condivisione di contenuti, migliorando l&#8217;interazione con gli utenti.<\/p>\n<\/td>\n<\/tr>\n<tr>\n<td>\n<p class=\"s4\">Font Awesome<\/p>\n<\/td>\n<td>\n<p class=\"s4\">Il servizio Font Awesome fornisce una libreria di icone vettoriali personalizzabili utilizzabili sul sito web per migliorare l&#8217;aspetto grafico e l&#8217;accessibilit\u00e0.<\/p>\n<\/td>\n<\/tr>\n<tr>\n<td>\n<p class=\"s4\">CrUX Dataset<\/p>\n<\/td>\n<td>\n<p class=\"s4\">Il Report sull&#8217;esperienza utente di Chrome (CrUX) \u00e8 un set di dati che riflette l&#8217;esperienza degli utenti di Chrome reali nelle destinazioni popolari sul web.<\/p>\n<\/td>\n<\/tr>\n<\/tbody>\n<\/table>\n<p>Ultimo aggiornamento data 16\/12\/2024<\/p>","protected":false},"excerpt":{"rendered":"<p>Leider ist der Eintrag nur auf Italiano verf\u00fcgbar. Informativa sul trattamento dei dati personali (artt. 13 e 14 Reg. UE 201c\/c7S e del D.lgs 1Sc\/2003 e smi) Gentile Utente, di seguito le forniamo alcune informazioni che \u00e8 necessario portare alla sua conoscenza, non solo per ottemperare agli obblighi di legge, ma anche perch\u00e9 la trasparenza [&hellip;]<\/p>\n","protected":false},"author":1,"featured_media":0,"parent":0,"menu_order":0,"comment_status":"closed","ping_status":"closed","template":"","meta":{"footnotes":""},"class_list":["post-12848","page","type-page","status-publish","hentry"],"acf":[],"_links":{"self":[{"href":"https:\/\/www.blowtherm.it\/de\/wp-json\/wp\/v2\/pages\/12848","targetHints":{"allow":["GET"]}}],"collection":[{"href":"https:\/\/www.blowtherm.it\/de\/wp-json\/wp\/v2\/pages"}],"about":[{"href":"https:\/\/www.blowtherm.it\/de\/wp-json\/wp\/v2\/types\/page"}],"author":[{"embeddable":true,"href":"https:\/\/www.blowtherm.it\/de\/wp-json\/wp\/v2\/users\/1"}],"replies":[{"embeddable":true,"href":"https:\/\/www.blowtherm.it\/de\/wp-json\/wp\/v2\/comments?post=12848"}],"version-history":[{"count":2,"href":"https:\/\/www.blowtherm.it\/de\/wp-json\/wp\/v2\/pages\/12848\/revisions"}],"predecessor-version":[{"id":12851,"href":"https:\/\/www.blowtherm.it\/de\/wp-json\/wp\/v2\/pages\/12848\/revisions\/12851"}],"wp:attachment":[{"href":"https:\/\/www.blowtherm.it\/de\/wp-json\/wp\/v2\/media?parent=12848"}],"curies":[{"name":"wp","href":"https:\/\/api.w.org\/{rel}","templated":true}]}}