{"id":3,"date":"2019-07-24T10:12:39","date_gmt":"2019-07-24T10:12:39","guid":{"rendered":"https:\/\/www.blowtherm.it\/?page_id=3"},"modified":"2025-01-17T12:28:28","modified_gmt":"2025-01-17T12:28:28","slug":"privacy-policy","status":"publish","type":"page","link":"https:\/\/www.blowtherm.it\/de\/datenschutz-geschaftspartner\/","title":{"rendered":"Informationen \u00fcber die Verarbeitung von personenbezogenen Daten"},"content":{"rendered":"<p><\/p>\n<h2>(EU-Verordnung 2016\/679)<\/h2>\n<p>Gem\u00e4\u00df Artikel 13 und 14 der Verordnung (EU) 2016\/679 teilen wir Ihnen mit, dass die im Zusammenhang mit den nachstehend genannten Zwecken erhobenen personenbezogenen Daten unter Einhaltung der oben genannten Rechtsvorschriften verarbeitet werden; in Bezug auf die vorgenannte Verarbeitung stellt der f\u00fcr die Verarbeitung Verantwortliche die folgenden Informationen zur Verf\u00fcgung:<\/p>\n<p><strong>Inhaber der Datenverarbeitung<\/strong><\/p>\n<p>Inhaber der Verarbeitung personenbezogener Daten ist Blowtherm S.p.A C.F. \/ P.I. \/ Reg. Imprese Padova 01075700284, mit Sitz in Via Borgo Padova, 89 35012 Camposampiero PD Tel. +39 049 9300229, an die sich die betroffene Person jederzeit \u00fcber eine der auf den Seiten der Website beschriebenen Methoden wenden kann (z.B. E-Mail ti.mrehtwolb@ycavirp).<\/p>\n<p><strong>Beschreibung der Verarbeitung<\/strong><\/p>\n<p>Beim Zugriff auf die Website und beim Surfen auf der Website kann der Nutzer durch die Auswahl von Cookies und das Ausf\u00fcllen von Formularen Daten f\u00fcr die unten beschriebenen Zwecke bereitstellen.<\/p>\n<p><em>Zweck der Verarbeitung Kommerzielles Marketing:<\/em><\/p>\n<p>Die Verarbeitung umfasst alle Aktivit\u00e4ten zur F\u00f6rderung eines Produkts oder einer Dienstleistung. Dazu geh\u00f6ren die Suche nach neuen M\u00e4rkten und die Koordination von Aktivit\u00e4ten zur Erstellung von Werbematerial. Entwicklung und Kontaktaufnahme mit Interessengruppen \u00fcber soziale Websites.<\/p>\n<p>Beantwortung von Anfragen nach technischen oder kommerziellen Informationen und technischer Unterst\u00fctzung, die per E-Mail oder \u00fcber Formulare auf der Website eingehen.<\/p>\n<p>Versendung von Material und Nachrichten \u00fcber den Newsletter<\/p>\n<p>Versendung von Material und Nachrichten \u00fcber den reservierten Bereich<\/p>\n<p><em>Anwerbung:<\/em><\/p>\n<p>Der Zweck der Verarbeitung ist die Rekrutierung f\u00fcr die sp\u00e4tere Aufnahme in die Belegschaft des Unternehmens. Zu diesen Aktivit\u00e4ten geh\u00f6ren die Analyse von Lebensl\u00e4ufen, die von den Bewerbern spontan eingesandt werden, die Einladung von Bewerbern zu Tests oder Auswahlgespr\u00e4chen, die sowohl allgemein als auch auf das gesuchte Profil zugeschnitten sind<\/p>\n<p><strong>Erfasste personenbezogene Daten<\/strong><\/p>\n<p>Die erhobenen personenbezogenen Daten betreffen vorbehaltlich Ihrer freien und ausdr\u00fccklichen Zustimmung ausschlie\u00dflich<\/p>\n<p>Identifikationsdaten (z. B. Vorname, Nachname, Adresse, Telefon, E-Mail)<\/p>\n<p>die im Lebenslauf und in den Anh\u00e4ngen enthaltenen Daten, die Sie freiwillig eingeben und f\u00fcr die Sie die volle Verantwortung \u00fcbernehmen.<\/p>\n<p><strong>Rechtsgrundlage<\/strong><\/p>\n<p>Die Verarbeitung ist f\u00fcr die Erf\u00fcllung eines Vertrags, dessen Vertragspartei die betroffene Person ist, oder f\u00fcr die Durchf\u00fchrung vorvertraglicher Ma\u00dfnahmen erforderlich, die auf Antrag der betroffenen Person erfolgen.<\/p>\n<p>Erf\u00fcllung der spezifischen Anfrage der betroffenen Person.<\/p>\n<p>Die betroffene Person hat in die Verarbeitung ihrer personenbezogenen Daten f\u00fcr einen oder mehrere bestimmte Zwecke eingewilligt.<\/p>\n<p>Erhalt von Lebensl\u00e4ufen, die von der betroffenen Person spontan zum Zwecke der Begr\u00fcndung eines Besch\u00e4ftigungsverh\u00e4ltnisses \u00fcbermittelt werden.<\/p>\n<p><strong>Folgen einer Verweigerung<\/strong><\/p>\n<p>Die Bereitstellung der Daten und ihre Verarbeitung sind freiwillig und haben daher keine Folgen.<\/p>\n<p><strong>Modalit\u00e4ten der Datenverarbeitung<\/strong><\/p>\n<p>Im Zusammenhang mit den angegebenen Zwecken k\u00f6nnen die Daten an die folgenden Personen oder Personenkategorien weitergeleitet werden<\/p>\n<p>&#8211; von Blowthem S.p.A. beauftragte Mitarbeiter<\/p>\n<p>&#8211; gegebenenfalls an ordnungsgem\u00e4\u00df ernannte externe Mitarbeiter oder Beauftragte.<\/p>\n<p>&nbsp;<\/p>\n<p>Die personenbezogenen Daten werden in Papierform, in elektronischer und telematischer Form verarbeitet und in die entsprechenden Datenbanken eingegeben, zu denen nur der f\u00fcr die Verarbeitung Verantwortliche und seine Beauftragten Zugang haben. Im Hinblick auf die in elektronischer Form verarbeiteten Daten wird betont, dass alle geeigneten Sicherheitsma\u00dfnahmen getroffen wurden, um die Rechte, Freiheiten und berechtigten Interessen der betroffenen Person zu sch\u00fctzen.<\/p>\n<p><strong>\u00dcbermittlung und Weitergabe<\/strong><\/p>\n<p>Die \u00fcbermittelten Daten werden au\u00dferhalb der spezifischen Rechtsvorschriften (z. B. im Falle einer Anfrage der Beh\u00f6rden) nicht verbreitet oder an Dritte weitergegeben.<\/p>\n<p>Ort und Dauer der Speicherung der personenbezogenen Daten<\/p>\n<p>Die erhobenen Daten werden in digitaler Form auf unseren Servern im Gebiet der EU gespeichert.<\/p>\n<p>&nbsp;<\/p>\n<p>Wenn die betreffende Person bereits unser Kunde oder potenzieller Kunde ist, werden alle f\u00fcr die Gesch\u00e4ftsabwicklung und den technischen Support erforderlichen Daten an unser ERP \u00fcbermittelt.<\/p>\n<p>Die gesammelten Lebensl\u00e4ufe werden nur so lange gespeichert, wie es f\u00fcr die Bewertung erforderlich ist, und alle Daten, die nicht von Interesse sind, werden alle 6 Monate gel\u00f6scht.<\/p>\n<p><strong>Daten\u00fcbermittlung<\/strong><\/p>\n<p>Die erhobenen Daten werden nicht in L\u00e4nder au\u00dferhalb der EU \u00fcbermittelt.<\/p>\n<p>Rechte der betroffenen Person<\/p>\n<p>Im Zusammenhang mit der vorgenannten Datenverarbeitung hat die betroffene Person das Recht, bei Daten, die nicht f\u00fcr rechtliche Zwecke erforderlich sind, Zugang zu ihren personenbezogenen Daten und deren Berichtigung oder L\u00f6schung zu verlangen oder der Verarbeitung zu widersprechen, sowie das Recht auf Daten\u00fcbertragbarkeit.<\/p>\n<p>&nbsp;<\/p>\n<p>Beruht die Verarbeitung auf einer Einwilligung, so teilt der f\u00fcr die Verarbeitung Verantwortliche der betroffenen Person mit, dass sie das Recht hat, die Einwilligung jederzeit zu widerrufen, ohne dass die Rechtm\u00e4\u00dfigkeit der Verarbeitung aufgrund der vor dem Widerruf erteilten Einwilligung ber\u00fchrt wird.<\/p>\n<p>Die betroffene Person kann ihre Rechte aus\u00fcben, indem sie sich schriftlich an ti.mrehtwolb@ycavirp wendet oder eine Beschwerde bei der Aufsichtsbeh\u00f6rde ti.pdpg@pru einreicht.<\/p>\n<p>Automatisierte Entscheidungsfindung<\/p>\n<p>Der f\u00fcr die Verarbeitung Verantwortliche teilt der betroffenen Person mit, dass es auf dieser Website keine automatisierte Entscheidungsfindung gibt, also insbesondere kein Profiling-System.<\/p>\n<p>Soziale Medien<\/p>\n<p>Siehe spezifische Informationen<\/p>\n<p>Cookie-Politik<\/p>\n<p>Siehe spezifische Datenschutzrichtlinie, die dynamisch durch das Cookie-Management-Tool verwaltet wird.<\/p>\n<p>&nbsp;<\/p>\n<p>Padua Mittwoch 20 September 2023<\/p>","protected":false},"excerpt":{"rendered":"<p>(EU-Verordnung 2016\/679) Gem\u00e4\u00df Artikel 13 und 14 der Verordnung (EU) 2016\/679 teilen wir Ihnen mit, dass die im Zusammenhang mit den nachstehend genannten Zwecken erhobenen personenbezogenen Daten unter Einhaltung der oben genannten Rechtsvorschriften verarbeitet werden; in Bezug auf die vorgenannte Verarbeitung stellt der f\u00fcr die Verarbeitung Verantwortliche die folgenden Informationen zur Verf\u00fcgung: Inhaber der Datenverarbeitung [&hellip;]<\/p>\n","protected":false},"author":1,"featured_media":0,"parent":0,"menu_order":21,"comment_status":"closed","ping_status":"open","template":"","meta":{"footnotes":""},"class_list":["post-3","page","type-page","status-publish","hentry"],"acf":[],"_links":{"self":[{"href":"https:\/\/www.blowtherm.it\/de\/wp-json\/wp\/v2\/pages\/3","targetHints":{"allow":["GET"]}}],"collection":[{"href":"https:\/\/www.blowtherm.it\/de\/wp-json\/wp\/v2\/pages"}],"about":[{"href":"https:\/\/www.blowtherm.it\/de\/wp-json\/wp\/v2\/types\/page"}],"author":[{"embeddable":true,"href":"https:\/\/www.blowtherm.it\/de\/wp-json\/wp\/v2\/users\/1"}],"replies":[{"embeddable":true,"href":"https:\/\/www.blowtherm.it\/de\/wp-json\/wp\/v2\/comments?post=3"}],"version-history":[{"count":20,"href":"https:\/\/www.blowtherm.it\/de\/wp-json\/wp\/v2\/pages\/3\/revisions"}],"predecessor-version":[{"id":12850,"href":"https:\/\/www.blowtherm.it\/de\/wp-json\/wp\/v2\/pages\/3\/revisions\/12850"}],"wp:attachment":[{"href":"https:\/\/www.blowtherm.it\/de\/wp-json\/wp\/v2\/media?parent=3"}],"curies":[{"name":"wp","href":"https:\/\/api.w.org\/{rel}","templated":true}]}}