{"id":12132,"date":"2023-11-15T09:05:49","date_gmt":"2023-11-15T09:05:49","guid":{"rendered":"https:\/\/www.blowtherm.it\/?page_id=12132"},"modified":"2025-01-16T09:33:18","modified_gmt":"2025-01-16T09:33:18","slug":"whistleblowing-2","status":"publish","type":"page","link":"https:\/\/www.blowtherm.it\/en\/whistleblowing\/","title":{"rendered":"Whistleblowing"},"content":{"rendered":"<p class=\"qtranxs-available-languages-message qtranxs-available-languages-message-en\">Sorry, this entry is only available in <a href=\"https:\/\/www.blowtherm.it\/it\/wp-json\/wp\/v2\/pages\/12132\" class=\"qtranxs-available-language-link qtranxs-available-language-link-it\" title=\"Italiano\">Italiano<\/a>.<\/p><p><strong>Non utilizzare questa pagina per reclami, comunicazioni, suggerimenti sui servizi al pubblico di natura commerciale.<\/strong><\/p>\n<p>Blowtherm S.p.A. si impegna a promuovere e diffondere una cultura aziendale basata sull\u2019etica e la trasparenza. A tal fine, si aspetta che tutti coloro che operano nel contesto lavorativo della Societ\u00e0, come i dipendenti, vertici aziendali, componenti degli organi sociali e\/o business partners, segnalino notizie circa la violazione di norme e regolamenti applicabili; sistema di gestione per la prevenzione della corruzione. Per questo Blowtherm S.p.A. ha implementato, alla luce del D.Lgs. 24\/2023, canali di segnalazione interna di violazioni e di irregolarit\u00e0 (atti e\/o comportamenti illeciti, commissivi o omissivi, che ledono l\u2019interesse pubblico o l\u2019integrit\u00e0 della Societ\u00e0) che garantiscano ai segnalanti la riservatezza della loro identit\u00e0 e delle informazioni contenute nella segnalazione nonch\u00e9 la loro protezione da eventuali ritorsioni.<\/p>\n<p>Blowtherm S.p.A. ha adottato una piattaforma informatica, gestita da un soggetto terzo specializzato, mediante la quale \u00e8 possibile effettuare la segnalazione in forma scritta.<\/p>\n<p><a href=\"https:\/\/www.blowtherm.it\/wp-content\/uploads\/2023\/12\/Policy-WB_Blowtherm-SpA_Rev_07122023.pdf\">Policy whistleblowing Blowtherm Spa<\/a><\/p>\n<p><a href=\"https:\/\/www.blowtherm.it\/wp-content\/uploads\/2023\/12\/Informativa-privacy-whistleblowing_07122023.pdf\">Informativa in materia di trattamento dei dati personali ai sensi degli articoli 13 e 14 del regolamento (ue) 2016\/679 in relazione alle segnalazioni di \u201cwhistleblowing\u201d d.Lgs 24\/2023<\/a><\/p>\n<p><a class=\"link\" href=\"https:\/\/blowtherm.cpkeeper.online\/keeper\/available-configuration-links\" target=\"_blank\" rel=\"noopener\">Accesso alla piattaforma di whistleblowing<\/a><\/p>","protected":false},"excerpt":{"rendered":"<p>Sorry, this entry is only available in Italiano.Non utilizzare questa pagina per reclami, comunicazioni, suggerimenti sui servizi al pubblico di natura commerciale. Blowtherm S.p.A. si impegna a promuovere e diffondere una cultura aziendale basata sull\u2019etica e la trasparenza. A tal fine, si aspetta che tutti coloro che operano nel contesto lavorativo della Societ\u00e0, come i [&hellip;]<\/p>\n","protected":false},"author":1,"featured_media":0,"parent":0,"menu_order":0,"comment_status":"closed","ping_status":"closed","template":"","meta":{"footnotes":""},"class_list":["post-12132","page","type-page","status-publish","hentry"],"acf":[],"_links":{"self":[{"href":"https:\/\/www.blowtherm.it\/en\/wp-json\/wp\/v2\/pages\/12132","targetHints":{"allow":["GET"]}}],"collection":[{"href":"https:\/\/www.blowtherm.it\/en\/wp-json\/wp\/v2\/pages"}],"about":[{"href":"https:\/\/www.blowtherm.it\/en\/wp-json\/wp\/v2\/types\/page"}],"author":[{"embeddable":true,"href":"https:\/\/www.blowtherm.it\/en\/wp-json\/wp\/v2\/users\/1"}],"replies":[{"embeddable":true,"href":"https:\/\/www.blowtherm.it\/en\/wp-json\/wp\/v2\/comments?post=12132"}],"version-history":[{"count":3,"href":"https:\/\/www.blowtherm.it\/en\/wp-json\/wp\/v2\/pages\/12132\/revisions"}],"predecessor-version":[{"id":12157,"href":"https:\/\/www.blowtherm.it\/en\/wp-json\/wp\/v2\/pages\/12132\/revisions\/12157"}],"wp:attachment":[{"href":"https:\/\/www.blowtherm.it\/en\/wp-json\/wp\/v2\/media?parent=12132"}],"curies":[{"name":"wp","href":"https:\/\/api.w.org\/{rel}","templated":true}]}}